{"id":7041,"date":"2023-11-17T16:40:26","date_gmt":"2023-11-17T22:40:26","guid":{"rendered":"https:\/\/support.mpsoftwarecmms.com\/?page_id=7041"},"modified":"2023-11-17T16:42:41","modified_gmt":"2023-11-17T22:42:41","slug":"como-llamar-a-mexico","status":"publish","type":"page","link":"https:\/\/support.mpsoftwarecmms.com\/en_us\/como-llamar-a-mexico\/","title":{"rendered":"Como llamar a M\u00e9xico"},"content":{"rendered":"<h2>Para llamar a M\u00e9xico desde el extranjero, marca el c\u00f3digo de salida internacional seguido del c\u00f3digo de pa\u00eds de M\u00e9xico (+52)<\/h2>\n<div class=\"code-block code-block-3\">\n<p>&nbsp;<\/p>\n<div id=\"aswift_3_host\" tabindex=\"0\" title=\"Advertisement\" aria-label=\"Advertisement\"><iframe loading=\"lazy\" id=\"aswift_3\" src=\"https:\/\/googleads.g.doubleclick.net\/pagead\/ads?client=ca-pub-5136221748051133&amp;output=html&amp;h=280&amp;slotname=1171249357&amp;adk=3267674167&amp;adf=2159028369&amp;pi=t.ma~as.1171249357&amp;w=1020&amp;fwrn=4&amp;fwrnh=100&amp;lmt=1700260565&amp;rafmt=1&amp;format=1020x280&amp;url=https%3A%2F%2Fzonacel.net%2Fcomo-marcar-a-mexico-desde-el-extranjero%2F&amp;ea=0&amp;fwr=0&amp;fwrattr=true&amp;rpe=1&amp;resp_fmts=3&amp;wgl=1&amp;uach=WyJXaW5kb3dzIiwiMTUuMC4wIiwieDg2IiwiIiwiMTE5LjAuMjE1MS41OCIsbnVsbCwwLG51bGwsIjY0IixbWyJNaWNyb3NvZnQgRWRnZSIsIjExOS4wLjIxNTEuNTgiXSxbIkNocm9taXVtIiwiMTE5LjAuNjA0NS4xMjMiXSxbIk5vdD9BX0JyYW5kIiwiMjQuMC4wLjAiXV0sMF0.&amp;dt=1700260540772&amp;bpp=1&amp;bdt=850&amp;idt=355&amp;shv=r20231109&amp;mjsv=m202311090101&amp;ptt=9&amp;saldr=aa&amp;abxe=1&amp;cookie=ID%3D2b13aec685ae235e%3AT%3D1700260541%3ART%3D1700260541%3AS%3DALNI_MZ87Xq-yKNuP7d2eRoVU2HnA2VkMQ&amp;gpic=UID%3D00000cd7ef60f1db%3AT%3D1700260541%3ART%3D1700260541%3AS%3DALNI_MbvmYAkewH1rFYchNCd_TX8Sq0slQ&amp;prev_fmts=0x0%2C1020x280%2C1377x830%2C1020x280&amp;nras=2&amp;correlator=6319319994896&amp;frm=20&amp;pv=1&amp;ga_vid=2133613781.1700260541&amp;ga_sid=1700260541&amp;ga_hid=50857582&amp;ga_fc=1&amp;u_tz=-360&amp;u_his=2&amp;u_h=960&amp;u_w=1440&amp;u_ah=912&amp;u_aw=1440&amp;u_cd=24&amp;u_sd=1.5&amp;dmc=8&amp;adx=178&amp;ady=2683&amp;biw=1377&amp;bih=830&amp;scr_x=0&amp;scr_y=0&amp;eid=44759875%2C44759926%2C44795921%2C31078301%2C31079772%2C44807763%2C44808149%2C44808285%2C44809056%2C44809072&amp;oid=2&amp;psts=AOrYGsloZJ0mFGpkOsK-zb7B1_IV5nZmmvxA87h7dCdqoiQ9kHcxfw348sKh_FL7J9Bw7iT5T8TVany8qebDK83rBhOpWQ&amp;pvsid=2333982492664363&amp;tmod=1344186641&amp;wsm=1&amp;uas=0&amp;nvt=1&amp;ref=https%3A%2F%2Fwww.bing.com%2F&amp;fc=1920&amp;brdim=4%2C78%2C4%2C78%2C1440%2C0%2C1392%2C830%2C1392%2C830&amp;vis=1&amp;rsz=%7C%7CeEbr%7C&amp;abl=CS&amp;pfx=0&amp;fu=128&amp;bc=31&amp;psd=W251bGwsbnVsbCxudWxsLDNd&amp;ifi=4&amp;uci=a!4&amp;btvi=2&amp;fsb=1&amp;dtd=24243\" name=\"aswift_3\" width=\"1020\" height=\"0\" frameborder=\"0\" marginwidth=\"0\" marginheight=\"0\" scrolling=\"no\" sandbox=\"allow-forms allow-popups allow-popups-to-escape-sandbox allow-same-origin allow-scripts allow-top-navigation-by-user-activation\" data-google-container-id=\"a!4\" data-google-query-id=\"CObyu5iMzIIDFU3O9QId2-ULPw\" data-load-complete=\"true\" data-mce-fragment=\"1\"><\/iframe><\/div>\n<p>&nbsp;<\/p>\n<\/div>\n<p>Si te encuentras en el extranjero y necesitas realizar una llamada a M\u00e9xico, es importante que conozcas el\u00a0<strong>c\u00f3digo de salida internacional<\/strong>\u00a0de tu pa\u00eds. Este c\u00f3digo var\u00eda dependiendo de cada pa\u00eds, por lo que te recomendamos consultarlo previamente.<\/p>\n<p>Una vez que tengas el\u00a0<strong>c\u00f3digo de salida internacional<\/strong>, deber\u00e1s marcar el\u00a0<strong>c\u00f3digo de pa\u00eds de M\u00e9xico<\/strong>, que es\u00a0<strong>+52<\/strong>. Este c\u00f3digo es necesario para poder establecer la llamada hacia M\u00e9xico.<\/p>\n<p>Por ejemplo, si te encuentras en Estados Unidos y deseas llamar a M\u00e9xico, deber\u00e1s marcar el\u00a0<strong>c\u00f3digo de salida internacional<\/strong>\u00a0de Estados Unidos, que es\u00a0<strong>011<\/strong>, seguido del\u00a0<strong>c\u00f3digo de pa\u00eds de M\u00e9xico<\/strong>, que es\u00a0<strong>+52<\/strong>. Luego, deber\u00e1s ingresar el\u00a0<strong>c\u00f3digo de \u00e1rea<\/strong>\u00a0de la ciudad a la que deseas llamar y finalmente, el n\u00famero de tel\u00e9fono.<\/p>\n<p>Es importante tener en cuenta que si deseas llamar a un\u00a0<strong>celular<\/strong>\u00a0en M\u00e9xico, deber\u00e1s marcar el n\u00famero de celular completo, incluyendo el\u00a0<strong>c\u00f3digo de \u00e1rea.<\/strong><\/p>\n<p><a href=\"https:\/\/support.mpsoftwarecmms.com\/en_us\/historial-de-actualizaciones-de-mp-version-10\/\">Clic Aqui para Regresar<\/a><\/p>","protected":false},"excerpt":{"rendered":"<p>Para llamar a M\u00e9xico desde el extranjero, marca el c\u00f3digo de salida internacional seguido del&#8230;<\/p>","protected":false},"author":10,"featured_media":0,"parent":0,"menu_order":0,"comment_status":"closed","ping_status":"closed","template":"","meta":[],"_links":{"self":[{"href":"https:\/\/support.mpsoftwarecmms.com\/en_us\/wp-json\/wp\/v2\/pages\/7041"}],"collection":[{"href":"https:\/\/support.mpsoftwarecmms.com\/en_us\/wp-json\/wp\/v2\/pages"}],"about":[{"href":"https:\/\/support.mpsoftwarecmms.com\/en_us\/wp-json\/wp\/v2\/types\/page"}],"author":[{"embeddable":true,"href":"https:\/\/support.mpsoftwarecmms.com\/en_us\/wp-json\/wp\/v2\/users\/10"}],"replies":[{"embeddable":true,"href":"https:\/\/support.mpsoftwarecmms.com\/en_us\/wp-json\/wp\/v2\/comments?post=7041"}],"version-history":[{"count":3,"href":"https:\/\/support.mpsoftwarecmms.com\/en_us\/wp-json\/wp\/v2\/pages\/7041\/revisions"}],"predecessor-version":[{"id":7044,"href":"https:\/\/support.mpsoftwarecmms.com\/en_us\/wp-json\/wp\/v2\/pages\/7041\/revisions\/7044"}],"wp:attachment":[{"href":"https:\/\/support.mpsoftwarecmms.com\/en_us\/wp-json\/wp\/v2\/media?parent=7041"}],"curies":[{"name":"wp","href":"https:\/\/api.w.org\/{rel}","templated":true}]}}