{"id":3241,"date":"2020-07-25T03:37:39","date_gmt":"2020-07-25T03:37:39","guid":{"rendered":"https:\/\/support.mpsoftwarecmms.com\/?page_id=3241"},"modified":"2020-07-28T01:48:59","modified_gmt":"2020-07-28T01:48:59","slug":"guia-de-conexion-con-el-motor-de-bases-de-datos-sql","status":"publish","type":"page","link":"https:\/\/support.mpsoftwarecmms.com\/en_us\/guia-de-conexion-con-el-motor-de-bases-de-datos-sql\/","title":{"rendered":"Gu\u00eda de conexi\u00f3n con el motor de bases de datos SQL"},"content":{"rendered":"<div id=\"rowone\"  data-column-margin=\"default\" data-midnight=\"dark\"  class=\"wpb_row vc_row-fluid vc_row standard_section\"  style=\"padding-top: 0px; padding-bottom: 0px; \"><div class=\"row-bg-wrap\" data-bg-animation=\"none\" data-bg-overlay=\"false\"><div class=\"inner-wrap\"><div class=\"row-bg\"  style=\"\"><\/div><\/div><div class=\"row-bg-overlay\" ><\/div><\/div><div class=\"row_col_wrap_12 col span_12 dark left\">\n\t<div style=\"margin-top: -30px; \" class=\"vc_col-sm-12 wpb_column column_container vc_column_container col neg-marg no-extra-padding inherit_tablet inherit_phone\"  data-t-w-inherits=\"default\" data-bg-cover=\"\" data-padding-pos=\"all\" data-has-bg-color=\"false\" data-bg-color=\"\" data-bg-opacity=\"1\" data-hover-bg=\"\" data-hover-bg-opacity=\"1\" data-animation=\"\" data-delay=\"0\" >\n\t\t<div class=\"vc_column-inner\" ><div class=\"column-bg-overlay-wrap\" data-bg-animation=\"none\"><div class=\"column-bg-overlay\"><\/div><\/div>\n\t\t\t<div class=\"wpb_wrapper\">\n\t\t\t\t<div class=\"divider-wrap\" data-alignment=\"default\"><div style=\"height: 35px;\" class=\"divider\"><\/div><\/div><div class=\"iwithtext\"><div class=\"iwt-icon\"> <img src=\"https:\/\/support.mpsoftwarecmms.com\/wp-content\/uploads\/2020\/03\/basesdedatos48x.png\" alt=\"\" \/> <\/div><div class=\"iwt-text\"> \n<h1><strong>Bases de datos<br \/>\n<\/strong><\/h1>\n <\/div><div class=\"clear\"><\/div><\/div><div class=\"divider-wrap\" data-alignment=\"default\"><div style=\"height: 25px;\" class=\"divider\"><\/div><\/div>\r\n<div class=\"wpb_text_column wpb_content_element\" >\r\n\t<div class=\"wpb_wrapper\">\r\n\t\t<h2><strong>Gu\u00eda de conexi\u00f3n con el motor de bases de datos SQL<\/strong><\/h2>\n\t<\/div>\r\n<\/div>\r\n\r\n\r\n\r\n<div class=\"divider-wrap\" data-alignment=\"default\"><div style=\"height: 60px;\" class=\"divider\"><\/div><\/div><div id=\"fws_69eaf946c7a38\" data-midnight=\"\" data-column-margin=\"default\" class=\"wpb_row vc_row-fluid vc_row inner_row standard_section\"  style=\"padding-top: 0px; padding-bottom: 0px; \"><div class=\"row-bg-wrap\"> <div class=\"row-bg\" ><\/div> <\/div><div class=\"row_col_wrap_12_inner col span_12  left\">\n\t<div  class=\"vc_col-sm-12 wpb_column column_container vc_column_container col child_column no-extra-padding inherit_tablet inherit_phone\"   data-t-w-inherits=\"default\" data-bg-cover=\"\" data-padding-pos=\"all\" data-has-bg-color=\"false\" data-bg-color=\"\" data-bg-opacity=\"1\" data-hover-bg=\"\" data-hover-bg-opacity=\"1\" data-animation=\"\" data-delay=\"0\">\n\t\t<div class=\"vc_column-inner\" ><div class=\"column-bg-overlay-wrap\" data-bg-animation=\"none\"><div class=\"column-bg-overlay\"><\/div><\/div>\n\t\t<div class=\"wpb_wrapper\">\n\t\t\t<a class=\"nectar-button small see-through extra-color-2\"  style=\"\"  href=\"https:\/\/support.mpsoftwarecmms.com\/en_us\/creacion-de-bases-de-datos-nuevas\/#ligasbases\" data-color-override=\"false\" data-hover-color-override=\"false\" data-hover-text-color-override=\"#fff\"><span>Regresar a: Creaci\u00f3n de bases de datos nuevas<\/span><\/a>\n\t\t<\/div> \n\t<\/div>\n\t<\/div> \n<\/div><\/div><div class=\"divider-wrap\" data-alignment=\"default\"><div style=\"height: 25px;\" class=\"divider\"><\/div><\/div>\n\t\t\t<\/div> \n\t\t<\/div>\n\t<\/div> \n<\/div><\/div>\n\t\t<div id=\"creacionbases1\"  data-column-margin=\"default\" data-midnight=\"dark\"  class=\"wpb_row vc_row-fluid vc_row standard_section\"  style=\"padding-top: 0px; padding-bottom: 0px; \"><div class=\"row-bg-wrap\" data-bg-animation=\"none\" data-bg-overlay=\"false\"><div class=\"inner-wrap\"><div class=\"row-bg\"  style=\"\"><\/div><\/div><div class=\"row-bg-overlay\" ><\/div><\/div><div class=\"row_col_wrap_12 col span_12 dark left\">\n\t<div  class=\"vc_col-sm-12 wpb_column column_container vc_column_container col no-extra-padding inherit_tablet inherit_phone\"  data-t-w-inherits=\"default\" data-bg-cover=\"\" data-padding-pos=\"all\" data-has-bg-color=\"false\" data-bg-color=\"\" data-bg-opacity=\"1\" data-hover-bg=\"\" data-hover-bg-opacity=\"1\" data-animation=\"\" data-delay=\"0\" >\n\t\t<div class=\"vc_column-inner\" ><div class=\"column-bg-overlay-wrap\" data-bg-animation=\"none\"><div class=\"column-bg-overlay\"><\/div><\/div>\n\t\t\t<div class=\"wpb_wrapper\">\n\t\t\t\t\r\n<div class=\"wpb_text_column wpb_content_element\" >\r\n\t<div class=\"wpb_wrapper\">\r\n\t\t<p>Para el manejo de Base de datos de SQL, es necesario la instalaci\u00f3n de Cliente Native de SQL 2008 para que se pueda tener conexi\u00f3n a las Bases de datos.<\/p>\n<p>En la carpeta de Instalaci\u00f3n de MPSoftware versi\u00f3n 10, se encuentra la subcarpeta \\Extras\\Client Native SQL 2008 en donde encontraras la aplicaci\u00f3n para la instalaci\u00f3n de Client Native SQL 2008:<\/p>\n<p>Si el Sistema Operativo es de 32 bits ejecutar: sqlncli.msi.<\/p>\n<p>Si el Sistema Operativo es de 64 bits ejecutar: sqlnclix64.msi<\/p>\n<p>En todas las aplicaciones de MPsoftware ver. 10, puedes utilizar Servidor de Microsoft SQL Express (cualquier versi\u00f3n: 2008\/2008r2\/2012\/2014\/2016\/2017), que es una versi\u00f3n gratuita de SQL, para la Administraci\u00f3n de tus bases de datos. Con un solo usuario puedes realizar la conexi\u00f3n a todas tus bases de datos. La \u00fanica diferencia entre la versi\u00f3n SQL Express con una Licencia de Microsoft SQL es que SQL Express tiene una limitante de 4GB para el almacenamiento de las bases de datos.<\/p>\n\t<\/div>\r\n<\/div>\r\n\r\n\r\n\r\n<div class=\"divider-wrap\" data-alignment=\"default\"><div style=\"height: 60px;\" class=\"divider\"><\/div><\/div><div id=\"fws_69eaf946c8525\" data-midnight=\"\" data-column-margin=\"default\" class=\"wpb_row vc_row-fluid vc_row inner_row standard_section\"  style=\"padding-top: 0px; padding-bottom: 0px; \"><div class=\"row-bg-wrap\"> <div class=\"row-bg\" ><\/div> <\/div><div class=\"row_col_wrap_12_inner col span_12  left\">\n\t<div  class=\"vc_col-sm-12 wpb_column column_container vc_column_container col child_column no-extra-padding inherit_tablet inherit_phone\"   data-t-w-inherits=\"default\" data-bg-cover=\"\" data-padding-pos=\"all\" data-has-bg-color=\"false\" data-bg-color=\"\" data-bg-opacity=\"1\" data-hover-bg=\"\" data-hover-bg-opacity=\"1\" data-animation=\"\" data-delay=\"0\">\n\t\t<div class=\"vc_column-inner\" ><div class=\"column-bg-overlay-wrap\" data-bg-animation=\"none\"><div class=\"column-bg-overlay\"><\/div><\/div>\n\t\t<div class=\"wpb_wrapper\">\n\t\t\t<a class=\"nectar-button small see-through extra-color-2\"  style=\"\"  href=\"https:\/\/support.mpsoftwarecmms.com\/en_us\/creacion-de-bases-de-datos-nuevas\/#ligasbases\" data-color-override=\"false\" data-hover-color-override=\"false\" data-hover-text-color-override=\"#fff\"><span>Regresar a: Creaci\u00f3n de bases de datos nuevas<\/span><\/a>\n\t\t<\/div> \n\t<\/div>\n\t<\/div> \n<\/div><\/div><div class=\"divider-wrap\" data-alignment=\"default\"><div style=\"height: 60px;\" class=\"divider\"><\/div><\/div>\n\t\t\t<\/div> \n\t\t<\/div>\n\t<\/div> \n<\/div><\/div>\n\t\t<div id=\"fws_69eaf946c890d\"  data-column-margin=\"default\" data-midnight=\"light\" data-top-percent=\"5%\" data-bottom-percent=\"5%\"  class=\"wpb_row vc_row-fluid vc_row full-width-section  vc_row-o-equal-height vc_row-flex  vc_row-o-content-middle standard_section\"  style=\"padding-top: calc(100vw * 0.05); padding-bottom: calc(100vw * 0.05); \"><div class=\"row-bg-wrap\" data-bg-animation=\"none\" data-bg-overlay=\"true\"><div class=\"inner-wrap\"><div class=\"row-bg using-bg-color\"  style=\"background-color: #08131c; \"><\/div><\/div><div class=\"row-bg-overlay\" style=\"background-color:#08131c;  opacity: 0.95; \"><\/div><\/div><div class=\"row_col_wrap_12 col span_12 light left\">\n\t<div  class=\"vc_col-sm-12 wpb_column column_container vc_column_container col no-extra-padding inherit_tablet inherit_phone\"  data-t-w-inherits=\"default\" data-bg-cover=\"\" data-padding-pos=\"all\" data-has-bg-color=\"false\" data-bg-color=\"\" data-bg-opacity=\"1\" data-hover-bg=\"\" data-hover-bg-opacity=\"1\" data-animation=\"\" data-delay=\"0\" >\n\t\t<div class=\"vc_column-inner\" ><div class=\"column-bg-overlay-wrap\" data-bg-animation=\"none\"><div class=\"column-bg-overlay\"><\/div><\/div>\n\t\t\t<div class=\"wpb_wrapper\">\n\t\t\t\t<div id=\"fws_69eaf946c8c65\" data-midnight=\"\" data-column-margin=\"default\" class=\"wpb_row vc_row-fluid vc_row inner_row standard_section\"  style=\"padding-top: 0px; padding-bottom: 0px; \"><div class=\"row-bg-wrap\"> <div class=\"row-bg\" ><\/div> <\/div><div class=\"row_col_wrap_12_inner col span_12  left\">\n\t<div  class=\"vc_col-sm-2 wpb_column column_container vc_column_container col child_column no-extra-padding inherit_tablet inherit_phone\"   data-t-w-inherits=\"default\" data-bg-cover=\"\" data-padding-pos=\"all\" data-has-bg-color=\"false\" data-bg-color=\"\" data-bg-opacity=\"1\" data-hover-bg=\"\" data-hover-bg-opacity=\"1\" data-animation=\"\" data-delay=\"0\">\n\t\t<div class=\"vc_column-inner\" ><div class=\"column-bg-overlay-wrap\" data-bg-animation=\"none\"><div class=\"column-bg-overlay\"><\/div><\/div>\n\t\t<div class=\"wpb_wrapper\">\n\t\t\t\n\t\t<\/div> \n\t<\/div>\n\t<\/div> \n\n\t<div  class=\"vc_col-sm-8 wpb_column column_container vc_column_container col child_column centered-text padding-2-percent inherit_tablet inherit_phone\"   data-t-w-inherits=\"default\" data-bg-cover=\"\" data-padding-pos=\"left-right\" data-has-bg-color=\"false\" data-bg-color=\"\" data-bg-opacity=\"1\" data-hover-bg=\"\" data-hover-bg-opacity=\"1\" data-animation=\"\" data-delay=\"0\">\n\t\t<div class=\"vc_column-inner\" ><div class=\"column-bg-overlay-wrap\" data-bg-animation=\"none\"><div class=\"column-bg-overlay\"><\/div><\/div>\n\t\t<div class=\"wpb_wrapper\">\n\t\t\t\r\n<div class=\"wpb_text_column wpb_content_element\" >\r\n\t<div class=\"wpb_wrapper\">\r\n\t\t<h1>Can&#039;t find a solution?<\/h1>\n\t<\/div>\r\n<\/div>\r\n\r\n\r\n\r\n<div class=\"divider-wrap\" data-alignment=\"default\"><div style=\"height: 10px;\" class=\"divider\"><\/div><\/div>\r\n<div class=\"wpb_text_column wpb_content_element\" >\r\n\t<div class=\"wpb_wrapper\">\r\n\t\t<h3><strong>Please contact our technical support team<\/strong><\/h3>\n\t<\/div>\r\n<\/div>\r\n\r\n\r\n\r\n<div class=\"divider-wrap\" data-alignment=\"default\"><div style=\"height: 20px;\" class=\"divider\"><\/div><\/div>\r\n<div class=\"wpb_text_column wpb_content_element\" >\r\n\t<div class=\"wpb_wrapper\">\r\n\t\t<h3>\ud83c\uddf2\ud83c\uddfd<strong> (52-55) 5364-5661 \/ 5364-5657<\/strong><\/h3>\n\t<\/div>\r\n<\/div>\r\n\r\n\r\n\r\n<div class=\"divider-wrap\" data-alignment=\"default\"><div style=\"height: 18px;\" class=\"divider\"><\/div><\/div><a class=\"nectar-button medium see-through-3  has-icon\"  style=\"margin-top: 25px; border-color: #ffbb00;\"  href=\"http:\/\/www.comollamar.com\/?f=156\" data-color-override=\"#ffbb00\"  data-hover-color-override=\"#ffbb00\" data-hover-text-color-override=\"#ffffff\"><span>How to call from my country?<\/span><i  class=\"fa fa-long-arrow-right\"><\/i><\/a><div class=\"divider-wrap\" data-alignment=\"default\"><div style=\"height: 18px;\" class=\"divider\"><\/div><\/div>\r\n<div class=\"wpb_text_column wpb_content_element\" >\r\n\t<div class=\"wpb_wrapper\">\r\n\t\t<p><i class=\"icon-normal fa fa-skype accent-color\"><\/i> SKYPE USER: <a href=\"skype:mp_software?call\">mp_software<\/a><\/p>\n<p><i class=\"icon-normal fa fa-envelope-o accent-color\"><\/i> <a href=\"mailto:soporte@mpsoftware.com.mx\">soporte@mpsoftware.com.mx<\/a><\/p>\n\t<\/div>\r\n<\/div>\r\n\r\n\r\n\r\n<div class=\"divider-wrap\" data-alignment=\"default\"><div style=\"height: 28px;\" class=\"divider\"><\/div><\/div>\r\n<div class=\"wpb_text_column wpb_content_element\" >\r\n\t<div class=\"wpb_wrapper\">\r\n\t\t<div class=\"wpb_text_column wpb_content_element\">\n<div class=\"wpb_wrapper\">\n<p>Horario de atenci\u00f3n de Lunes a Viernes de 8:00 a 18:00hrs<\/p>\n<\/div>\n<\/div>\n\t<\/div>\r\n<\/div>\r\n\r\n\r\n\r\n<div class=\"divider-wrap\" data-alignment=\"default\"><div style=\"height: 25px;\" class=\"divider\"><\/div><\/div>\n\t\t<\/div> \n\t<\/div>\n\t<\/div> \n\n\t<div  class=\"vc_col-sm-2 wpb_column column_container vc_column_container col child_column no-extra-padding inherit_tablet inherit_phone\"   data-t-w-inherits=\"default\" data-bg-cover=\"\" data-padding-pos=\"all\" data-has-bg-color=\"false\" data-bg-color=\"\" data-bg-opacity=\"1\" data-hover-bg=\"\" data-hover-bg-opacity=\"1\" data-animation=\"\" data-delay=\"0\">\n\t\t<div class=\"vc_column-inner\" ><div class=\"column-bg-overlay-wrap\" data-bg-animation=\"none\"><div class=\"column-bg-overlay\"><\/div><\/div>\n\t\t<div class=\"wpb_wrapper\">\n\t\t\t\n\t\t<\/div> \n\t<\/div>\n\t<\/div> \n<\/div><\/div>\n\t\t\t<\/div> \n\t\t<\/div>\n\t<\/div> \n<\/div><\/div>\n\t\t<div id=\"fws_69eaf946c9ba2\"  data-column-margin=\"default\" data-midnight=\"light\" data-top-percent=\"2%\"  class=\"wpb_row vc_row-fluid vc_row full-width-section standard_section\"  style=\"padding-top: calc(100vw * 0.02); padding-bottom: 0px; \"><div class=\"row-bg-wrap\" data-bg-animation=\"none\" data-bg-overlay=\"false\"><div class=\"inner-wrap\"><div class=\"row-bg using-bg-color\"  style=\"background-color: #f2f2f2; \"><\/div><\/div><div class=\"row-bg-overlay\" ><\/div><\/div><div class=\"nectar-shape-divider-wrap\" style=\" height:80px;\"  data-front=\"\" data-style=\"curve\" data-position=\"top\" ><svg class=\"nectar-shape-divider\" fill=\"#ffffff\" xmlns=\"http:\/\/www.w3.org\/2000\/svg\" viewbox=\"0 0 1000 100\" preserveaspectratio=\"none\"> <path d=\"M 0 0 c 0 0 200 50 500 50 s 500 -50 500 -50 v 101 h -1000 v -100 z\"><\/path> <\/svg><\/div><div class=\"row_col_wrap_12 col span_12 light left\">\n\t<div  class=\"vc_col-sm-12 wpb_column column_container vc_column_container col no-extra-padding inherit_tablet inherit_phone\"  data-t-w-inherits=\"default\" data-bg-cover=\"\" data-padding-pos=\"all\" data-has-bg-color=\"false\" data-bg-color=\"\" data-bg-opacity=\"1\" data-hover-bg=\"\" data-hover-bg-opacity=\"1\" data-animation=\"\" data-delay=\"0\" >\n\t\t<div class=\"vc_column-inner\" ><div class=\"column-bg-overlay-wrap\" data-bg-animation=\"none\"><div class=\"column-bg-overlay\"><\/div><\/div>\n\t\t\t<div class=\"wpb_wrapper\">\n\t\t\t\t<div id=\"fws_69eaf946c9daa\" data-midnight=\"\" data-column-margin=\"default\" class=\"wpb_row vc_row-fluid vc_row inner_row standard_section\"  style=\"padding-top: 0px; padding-bottom: 0px; -webkit-transform:  translateY(-100px); transform:  translateY(-100px);\"><div class=\"row-bg-wrap\"> <div class=\"row-bg\" ><\/div> <\/div><div class=\"row_col_wrap_12_inner col span_12  left\">\n\t<div style=\" color: #ffffff;\" class=\"vc_col-sm-6 wpb_column column_container vc_column_container col child_column centered-text padding-6-percent inherit_tablet inherit_phone\" data-cfc=\"true\" data-using-bg=\"true\" data-t-w-inherits=\"default\" data-shadow=\"medium_depth\" data-border-radius=\"15px\" data-bg-cover=\"\" data-padding-pos=\"all\" data-has-bg-color=\"true\" data-bg-color=\"#008cee\" data-bg-opacity=\"1\" data-hover-bg=\"\" data-hover-bg-opacity=\"1\" data-animation=\"\" data-delay=\"0\">\n\t\t<div class=\"vc_column-inner\" ><div class=\"column-bg-overlay-wrap\" data-bg-animation=\"none\"><div class=\"column-bg-overlay\" style=\"opacity: 1; background-color: #008cee;\"><\/div><\/div>\n\t\t<div class=\"wpb_wrapper\">\n\t\t\t\r\n<div class=\"wpb_text_column wpb_content_element\" >\r\n\t<div class=\"wpb_wrapper\">\r\n\t\t<h3>Participa en nuestro foro de ayuda<\/h3>\n\t<\/div>\r\n<\/div>\r\n\r\n\r\n\r\n<div class=\"divider-wrap\" data-alignment=\"default\"><div style=\"height: 15px;\" class=\"divider\"><\/div><\/div>\r\n<div class=\"wpb_text_column wpb_content_element\" >\r\n\t<div class=\"wpb_wrapper\">\r\n\t\t<p>Deja una pregunta que tu y otros puedan tener y permite que nuestro equipo de Soporte T\u00e9cnico la responda p\u00fablicamente.<\/p>\n\t<\/div>\r\n<\/div>\r\n\r\n\r\n\r\n<a class=\"nectar-button large see-through-2\"  style=\"margin-top: 30px; margin-bottom: 1px; border-color: #ffffff; color: #ffffff;\"  href=\"#\" data-color-override=\"#ffffff\"  data-hover-color-override=\"#ffffff\" data-hover-text-color-override=\"#000000\"><span>Ir a Foro de Ayuda<\/span><\/a>\n\t\t<\/div> \n\t<\/div>\n\t<\/div> \n\n\t<div style=\" color: #ffffff;\" class=\"vc_col-sm-6 wpb_column column_container vc_column_container col child_column centered-text padding-6-percent inherit_tablet inherit_phone\" data-cfc=\"true\" data-using-bg=\"true\" data-t-w-inherits=\"default\" data-shadow=\"medium_depth\" data-border-radius=\"10px\" data-bg-cover=\"\" data-padding-pos=\"all\" data-has-bg-color=\"true\" data-bg-color=\"#ffbb00\" data-bg-opacity=\"1\" data-hover-bg=\"\" data-hover-bg-opacity=\"1\" data-animation=\"\" data-delay=\"0\">\n\t\t<div class=\"vc_column-inner\" ><div class=\"column-bg-overlay-wrap\" data-bg-animation=\"none\"><div class=\"column-bg-overlay\" style=\"opacity: 1; background-color: #ffbb00;\"><\/div><\/div>\n\t\t<div class=\"wpb_wrapper\">\n\t\t\t\r\n<div class=\"wpb_text_column wpb_content_element\" >\r\n\t<div class=\"wpb_wrapper\">\r\n\t\t<h3>Preguntas Frecuentes<\/h3>\n\t<\/div>\r\n<\/div>\r\n\r\n\r\n\r\n<div class=\"divider-wrap\" data-alignment=\"default\"><div style=\"height: 15px;\" class=\"divider\"><\/div><\/div>\r\n<div class=\"wpb_text_column wpb_content_element\" >\r\n\t<div class=\"wpb_wrapper\">\r\n\t\t<p>Consulta nuestro sitio de Preguntas Frecuentes para conocer m\u00e1s sobre los esquemas de suscripci\u00f3n, nuestra amplia gama de opciones de conectividad, entre otros.<\/p>\n\t<\/div>\r\n<\/div>\r\n\r\n\r\n\r\n<a class=\"nectar-button large see-through-2\"  style=\"margin-top: 30px; margin-bottom: 1px; border-color: #ffffff; color: #ffffff;\"  href=\"#\" data-color-override=\"#ffffff\"  data-hover-color-override=\"#ffffff\" data-hover-text-color-override=\"#000000\"><span>Go to frequently asked Questions<\/span><\/a>\n\t\t<\/div> \n\t<\/div>\n\t<\/div> \n<\/div><\/div>\n\t\t\t<\/div> \n\t\t<\/div>\n\t<\/div> \n<\/div><\/div>\n\t\t<div id=\"fws_69eaf946ca930\"  data-column-margin=\"default\" data-midnight=\"dark\"  class=\"wpb_row vc_row-fluid vc_row standard_section\"  style=\"padding-top: 0px; padding-bottom: 0px; \"><div class=\"row-bg-wrap\" data-bg-animation=\"none\" data-bg-overlay=\"false\"><div class=\"inner-wrap\"><div class=\"row-bg\"  style=\"\"><\/div><\/div><div class=\"row-bg-overlay\" ><\/div><\/div><div class=\"row_col_wrap_12 col span_12 dark left\">\n\t<div  class=\"vc_col-sm-12 wpb_column column_container vc_column_container col no-extra-padding inherit_tablet inherit_phone\"  data-t-w-inherits=\"default\" data-bg-cover=\"\" data-padding-pos=\"all\" data-has-bg-color=\"false\" data-bg-color=\"\" data-bg-opacity=\"1\" data-hover-bg=\"\" data-hover-bg-opacity=\"1\" data-animation=\"\" data-delay=\"0\" >\n\t\t<div class=\"vc_column-inner\" ><div class=\"column-bg-overlay-wrap\" data-bg-animation=\"none\"><div class=\"column-bg-overlay\"><\/div><\/div>\n\t\t\t<div class=\"wpb_wrapper\">\n\t\t\t\t\n\t<div class=\"wpb_raw_code wpb_content_element wpb_raw_html\" >\n\t\t<div class=\"wpb_wrapper\">\n\t\t\t\n<div id=\"myModA\" class=\"modal\"> \r\n    <!-- Modal content -->\r\n    <div class=\"modal-content\"> <span class=\"close\" onclick=\"modalCloseA();\">\u00d7<\/span> <br>\r\n        <!------->\r\n        <h4><strong>Consideration if you are going to use the engine for Firebird database<\/strong><\/h4>\r\n\t\t\t  <br><br>\r\n        <p>However, the excellent performance that this database engine provides, it is important to take into account that this database engine is only recommended for users that do NOT want to use the mobile applications MPsolicitudes or MPmobile, because these APPs ARE NOT COMPATIBLE WITH THE ENGINE FIREBIRD DATABASES.<\/p>\r\n        <!-------> \r\n    <\/div>\r\n<\/div>\n<div id=\"myModB\" class=\"modal\"> \r\n    <!-- Modal content -->\r\n    <div class=\"modal-contentb\"> <span class=\"close\" onclick=\"modalCloseB();\">\u00d7<\/span> <br>\r\n        <!------->\r\n        <h4><strong>Name of the database and its location.<\/strong><\/h4>\r\n\t\t\t  <br><br>\r\n        <p>Regarding the name of the database: The name that you define can&#039;t wear white space, and the number of characters allowed maximum is 25, for example Maintenance Plant 1 instead use Hyphens or underscores this: Mantenimiento_Planta_1, in addition to it is not allowed that the name of your database-carry special characters such as these: \u00a1 &#034; # , $ % &amp; ( \u00bf ) ? } { The reason for this is that there are some rules or policies that the database engines prohibit the use of these characters.<\/p>\r\n\t\t\t\t\t\r\n\t\t\t<p>You&#039;ll have another field of up to 50 characters that will allow a broader description and complete database.<\/p>\r\n\t\t\t<p>Example:<\/p>\r\n\t\t\t<table style=\"width: 100%;\">\r\n<tbody>\r\n<tr>\r\n<td width=\"30%\"><strong>Name of the database<\/strong><\/td>\r\n<td width=\"30%\"><strong>Name of the access to the database<\/strong><\/td>\r\n<td width=\"40%\"><strong>Long description of the database<\/strong><\/td>\r\n<\/tr>\r\n<tr>\r\n<td width=\"30%\">PLANTA_SPEREN_1<\/td>\r\n<td width=\"30%\">ACCESS TO PLANTA_SPEREN_1<\/td>\r\n<td width=\"40%\">PLANT SPEREN PARQUE INDUSTRIAL EXPORTEC II<\/td>\r\n<\/tr>\r\n<tr>\r\n<td width=\"30%\">PLANTA_SPEREN_2<\/td>\r\n<td width=\"30%\">ACCESS TO PLANTA_SPEREN_2<\/td>\r\n<td width=\"40%\">PLANT SPEREN PARQUE INDUSTRIAL HUEHUETOCA<\/td>\r\n<\/tr>\r\n<tr>\r\n<td width=\"30%\">PLANTA_SPEREN_3<\/td>\r\n<td width=\"30%\">ACCESS TO PLANTA_SPEREN_3<\/td>\r\n<td width=\"40%\">PLANT SPEREN INDUSTRIAL PARK JILOTEPEC<\/td>\r\n<\/tr>\r\n<tr>\r\n<td width=\"30%\">HOTEL_Mara_A<\/td>\r\n<td width=\"30%\">ACCESS TO HOTEL_Mara_A<\/td>\r\n<td width=\"40%\">Hotel All Inclusive Mara Place, Cancun, QR<\/td>\r\n<\/tr>\r\n<tr>\r\n<td width=\"30%\">HOTEL_Mara_B<\/td>\r\n<td width=\"30%\">ACCESS TO HOTEL_Mara_B<\/td>\r\n<td width=\"40%\">Gran Executive Hotel Mara Place mexico City, Mexico<\/td>\r\n<\/tr>\r\n<tr>\r\n<td width=\"30%\">HOSPITAL_TRAUMATOLOGIA<\/td>\r\n<td width=\"30%\">ACCESS TO HOSPITAL_TRAUMATOLOGIA<\/td>\r\n<td width=\"40%\">Hospital of Traumatology Loma Verdes, Naucalpan<\/td>\r\n<\/tr>\r\n<tr>\r\n<td width=\"30%\">HOSPITAL_NEUROLOGIA<\/td>\r\n<td width=\"30%\">ACCESS TO HOSPITAL_NEUROLOGIA<\/td>\r\n<td width=\"40%\">National institute of Neurology and Neurosurgery, CDMX<\/td>\r\n<\/tr>\r\n<tr>\r\n<td width=\"30%\">FLOTILLA_1<\/td>\r\n<td width=\"30%\">ACCESS TO FLOTILLA_1<\/td>\r\n<td width=\"40%\">Fleet Cars and trucks SPEREN EXPORTEC II<\/td>\r\n<\/tr>\r\n<\/tbody>\r\n<\/table>\r\n\t\t\t<p>After you&#039;ve created your databases in the MP, these are hosted on the Database Server that you&#039;ve chosen. For example, the databases created by the streamlined staying in your computer, the path in which you can find is C:\\Windows\\SysWow64 or C:\\Windows\\System32. Regularly are Files with the Extension.FDB<\/p>\r\n\t\t\t<p>The databases created in the following types of databases: MariaDB, MySQL, SQL-Server, MPcloud and Oracle does not generate Files. The information is stored in multiple tables of schema information, or in special environments of your server.<\/p>\r\n\t\t\t<p>Regardless of the type of database Server that you manage, we recommend to make backups of your information frequently so that you get a receipt of your information as a preventive measure in case of an emergency, see the section Backup and restore a database.<\/p>\r\n        <!-------> \r\n    <\/div>\r\n<\/div>\n\t\t<\/div>\n\t<\/div>\n\n\t\t\t<\/div> \n\t\t<\/div>\n\t<\/div> \n<\/div><\/div>","protected":false},"excerpt":{"rendered":"Bases de datos Gu\u00eda de conexi\u00f3n con el motor de bases de datos SQL Regresar...","protected":false},"author":2,"featured_media":0,"parent":0,"menu_order":0,"comment_status":"closed","ping_status":"closed","template":"","meta":[],"_links":{"self":[{"href":"https:\/\/support.mpsoftwarecmms.com\/en_us\/wp-json\/wp\/v2\/pages\/3241"}],"collection":[{"href":"https:\/\/support.mpsoftwarecmms.com\/en_us\/wp-json\/wp\/v2\/pages"}],"about":[{"href":"https:\/\/support.mpsoftwarecmms.com\/en_us\/wp-json\/wp\/v2\/types\/page"}],"author":[{"embeddable":true,"href":"https:\/\/support.mpsoftwarecmms.com\/en_us\/wp-json\/wp\/v2\/users\/2"}],"replies":[{"embeddable":true,"href":"https:\/\/support.mpsoftwarecmms.com\/en_us\/wp-json\/wp\/v2\/comments?post=3241"}],"version-history":[{"count":5,"href":"https:\/\/support.mpsoftwarecmms.com\/en_us\/wp-json\/wp\/v2\/pages\/3241\/revisions"}],"predecessor-version":[{"id":3267,"href":"https:\/\/support.mpsoftwarecmms.com\/en_us\/wp-json\/wp\/v2\/pages\/3241\/revisions\/3267"}],"wp:attachment":[{"href":"https:\/\/support.mpsoftwarecmms.com\/en_us\/wp-json\/wp\/v2\/media?parent=3241"}],"curies":[{"name":"wp","href":"https:\/\/api.w.org\/{rel}","templated":true}]}}