{"id":1900,"date":"2020-04-01T23:15:24","date_gmt":"2020-04-01T23:15:24","guid":{"rendered":"https:\/\/support.mpsoftwarecmms.com\/?page_id=1900"},"modified":"2020-04-01T23:15:24","modified_gmt":"2020-04-01T23:15:24","slug":"usuarios-tecnicos-y-solo-consulta","status":"publish","type":"page","link":"https:\/\/support.mpsoftwarecmms.com\/en_us\/usuarios-tecnicos-y-solo-consulta\/","title":{"rendered":"Technical users and only query"},"content":{"rendered":"<div id=\"fws_69df8d84dad6d\"  data-column-margin=\"default\" data-midnight=\"dark\" data-bottom-percent=\"4%\"  class=\"wpb_row vc_row-fluid vc_row full-width-section standard_section\"  style=\"padding-top: 0px; padding-bottom: calc(100vw * 0.04); \"><div class=\"row-bg-wrap\" data-bg-animation=\"none\" data-bg-overlay=\"false\"><div class=\"inner-wrap\"><div class=\"row-bg using-bg-color\"  style=\"background-color: #ffffff; \"><\/div><\/div><div class=\"row-bg-overlay\" ><\/div><\/div><div class=\"row_col_wrap_12 col span_12 dark left\">\n\t<div  class=\"vc_col-sm-12 wpb_column column_container vc_column_container col no-extra-padding\"  data-t-w-inherits=\"default\" data-bg-cover=\"\" data-padding-pos=\"all\" data-has-bg-color=\"false\" data-bg-color=\"\" data-bg-opacity=\"1\" data-hover-bg=\"\" data-hover-bg-opacity=\"1\" data-animation=\"\" data-delay=\"0\" >\n\t\t<div class=\"vc_column-inner\" ><div class=\"column-bg-overlay-wrap\" data-bg-animation=\"none\"><div class=\"column-bg-overlay\"><\/div><\/div>\n\t\t\t<div class=\"wpb_wrapper\">\n\t\t\t\t<div id=\"fws_69df8d84db0bd\" data-midnight=\"\" data-column-margin=\"default\" class=\"wpb_row vc_row-fluid vc_row inner_row  vc_row-o-equal-height vc_row-flex standard_section\"  style=\"padding-top: 0px; padding-bottom: 0px; \"><div class=\"row-bg-wrap\"> <div class=\"row-bg\" ><\/div> <\/div><div class=\"row_col_wrap_12_inner col span_12  left\">\n\t<div  class=\"vc_col-sm-12 wpb_column column_container vc_column_container col child_column padding-2-percent\"   data-t-w-inherits=\"default\" data-shadow=\"small_depth\" data-border-animation=\"\" data-border-animation-delay=\"\" data-border-width=\"2px\" data-border-style=\"solid\" data-border-color=\"#ffbb00\" data-bg-cover=\"\" data-padding-pos=\"all\" data-has-bg-color=\"false\" data-bg-color=\"\" data-bg-opacity=\"1\" data-hover-bg=\"\" data-hover-bg-opacity=\"1\" data-animation=\"\" data-delay=\"0\">\n\t\t<div class=\"vc_column-inner\" style=\"border: 2px solid rgba(255,255,255,0); \"><span class=\"border-wrap\" style=\"border-color: #ffbb00;\"><span class=\"border-top\"><\/span><span class=\"border-right\"><\/span><span class=\"border-bottom\"><\/span><span class=\"border-left\"><\/span><\/span><div class=\"column-bg-overlay-wrap\" data-bg-animation=\"none\"><div class=\"column-bg-overlay\"><\/div><\/div>\n\t\t<div class=\"wpb_wrapper\">\n\t\t\t\r\n<div class=\"wpb_text_column wpb_content_element\" >\r\n\t<div class=\"wpb_wrapper\">\r\n\t\t<p>Breve explicaci\u00f3n de la aplicaci\u00f3n t\u00e9cnicos y consulta el manual de instalaci\u00f3n quedar\u00e1 en una p\u00e1gina independiente.<\/p>\n\t<\/div>\r\n<\/div>\r\n\r\n\r\n\r\n\r\n<div class=\"wpb_text_column wpb_content_element\" >\r\n\t<div class=\"wpb_wrapper\">\r\n\t\t<p><strong>Note:<\/strong> Si contrataste el servicio MPhosting (hospedaje del programa y bases de datos en la nube) <strong>you don&#039;t need to install the program<\/strong>. El equipo de MPsoftware se encarga de la instalaci\u00f3n y activaci\u00f3n de tu licencia de uso en la nube. Haz clic aqu\u00ed para ver las instrucciones.<\/p>\n\t<\/div>\r\n<\/div>\r\n\r\n\r\n\r\n<div class=\"divider-wrap\" data-alignment=\"default\"><div style=\"height: 50px;\" class=\"divider\"><\/div><\/div>\r\n<div class=\"wpb_text_column wpb_content_element\" >\r\n\t<div class=\"wpb_wrapper\">\r\n\t\t<h1><strong>Instalaci\u00f3n para usuarios t\u00e9cnicos y s\u00f3lo consulta<\/strong><\/h1>\n\t<\/div>\r\n<\/div>\r\n\r\n\r\n\r\n<div class=\"divider-wrap\" data-alignment=\"default\"><div style=\"height: 20px;\" class=\"divider\"><\/div><\/div>\r\n<div class=\"wpb_text_column wpb_content_element\" >\r\n\t<div class=\"wpb_wrapper\">\r\n\t\t<p>En nuestro esquema de licenciamiento los usuarios de s\u00f3lo consulta y usuarios t\u00e9cnicos no consumen usuarios de la licencia de uso.<\/p>\n\t<\/div>\r\n<\/div>\r\n\r\n\r\n\r\n\r\n<div class=\"wpb_text_column wpb_content_element\" >\r\n\t<div class=\"wpb_wrapper\">\r\n\t\t<h3><strong>Step 1.<\/strong> Descarga el archivo de instalaci\u00f3n MPConsultasetup.exe<\/h3>\n\t<\/div>\r\n<\/div>\r\n\r\n\r\n\r\n<a class=\"nectar-button medium regular accent-color has-icon  regular-button\"  style=\"\"  href=\"https:\/\/mpsoftware.com.mx\/qytha83m36eyyfyvwiq4zy7c\/MPConsultaSetup.exe\" data-color-override=\"false\" data-hover-color-override=\"false\" data-hover-text-color-override=\"#fff\"><span>Descargar MPConsultasetup.exe<\/span><i  class=\"fa fa-download\"><\/i><\/a><div class=\"divider-wrap\" data-alignment=\"default\"><div style=\"height: 20px;\" class=\"divider\"><\/div><\/div>\r\n<div class=\"wpb_text_column wpb_content_element\" >\r\n\t<div class=\"wpb_wrapper\">\r\n\t\t<h3><strong>Step 2.<\/strong> Ejecuta el archivo MPConsultasetup.exe en cada una de las computadoras en las que vayas a utilizar el MP versi\u00f3n 10 como usuario de s\u00f3lo consulta o t\u00e9cnico y sigue las instrucciones del asistente de instalaci\u00f3n.<\/h3>\n\t<\/div>\r\n<\/div>\r\n\r\n\r\n\r\n\r\n<div class=\"wpb_text_column wpb_content_element\" >\r\n\t<div class=\"wpb_wrapper\">\r\n\t\t<p>Al finalizar la instalaci\u00f3n se crear\u00e1 el siguiente acceso directo en el escritorio.<\/p>\n\t<\/div>\r\n<\/div>\r\n\r\n\r\n\r\n<div class=\"img-with-aniamtion-wrap\" data-max-width=\"100%\" data-max-width-mobile=\"100%\" data-border-radius=\"none\" data-shadow=\"none\" data-animation=\"fade-in\" >\r\n      <div class=\"inner\">\r\n        <div class=\"hover-wrap\" data-hover-animation=\"none\"> \r\n          <div class=\"hover-wrap-inner\">\r\n            <img class=\"img-with-animation skip-lazy\" data-delay=\"0\" height=\"90\" width=\"79\" data-animation=\"fade-in\" src=\"https:\/\/support.mpsoftwarecmms.com\/wp-content\/uploads\/2020\/02\/tecnicos-consulta-mpversion10.png\" alt=\"\"  \/>\r\n          <\/div>\r\n        <\/div>\r\n      <\/div>\r\n    <\/div><div class=\"divider-wrap\" data-alignment=\"default\"><div style=\"height: 20px;\" class=\"divider\"><\/div><\/div>\n\t\t<\/div> \n\t<\/div>\n\t<\/div> \n<\/div><\/div>\n\t\t\t<\/div> \n\t\t<\/div>\n\t<\/div> \n<\/div><\/div>","protected":false},"excerpt":{"rendered":"Breve explicaci\u00f3n de la aplicaci\u00f3n t\u00e9cnicos y consulta el manual de instalaci\u00f3n quedar\u00e1 en una...","protected":false},"author":2,"featured_media":0,"parent":0,"menu_order":0,"comment_status":"closed","ping_status":"closed","template":"","meta":[],"_links":{"self":[{"href":"https:\/\/support.mpsoftwarecmms.com\/en_us\/wp-json\/wp\/v2\/pages\/1900"}],"collection":[{"href":"https:\/\/support.mpsoftwarecmms.com\/en_us\/wp-json\/wp\/v2\/pages"}],"about":[{"href":"https:\/\/support.mpsoftwarecmms.com\/en_us\/wp-json\/wp\/v2\/types\/page"}],"author":[{"embeddable":true,"href":"https:\/\/support.mpsoftwarecmms.com\/en_us\/wp-json\/wp\/v2\/users\/2"}],"replies":[{"embeddable":true,"href":"https:\/\/support.mpsoftwarecmms.com\/en_us\/wp-json\/wp\/v2\/comments?post=1900"}],"version-history":[{"count":1,"href":"https:\/\/support.mpsoftwarecmms.com\/en_us\/wp-json\/wp\/v2\/pages\/1900\/revisions"}],"predecessor-version":[{"id":2101,"href":"https:\/\/support.mpsoftwarecmms.com\/en_us\/wp-json\/wp\/v2\/pages\/1900\/revisions\/2101"}],"wp:attachment":[{"href":"https:\/\/support.mpsoftwarecmms.com\/en_us\/wp-json\/wp\/v2\/media?parent=1900"}],"curies":[{"name":"wp","href":"https:\/\/api.w.org\/{rel}","templated":true}]}}